{"id":35,"date":"2024-04-24T08:09:36","date_gmt":"2024-04-24T08:09:36","guid":{"rendered":"https:\/\/veterinarioadomicilioaljarafe.com\/?page_id=35"},"modified":"2024-04-24T08:09:36","modified_gmt":"2024-04-24T08:09:36","slug":"declaracion-de-accesibilidad","status":"publish","type":"page","link":"https:\/\/veterinarioadomicilioaljarafe.com\/index.php\/declaracion-de-accesibilidad\/","title":{"rendered":"DECLARACION DE ACCESIBILIDAD"},"content":{"rendered":"<p>[et_pb_section fb_built=\u00bb1&#8243; theme_builder_area=\u00bbpost_content\u00bb _builder_version=\u00bb4.25.0&#8243; _module_preset=\u00bbdefault\u00bb][et_pb_row _builder_version=\u00bb4.25.0&#8243; _module_preset=\u00bbdefault\u00bb theme_builder_area=\u00bbpost_content\u00bb][et_pb_column _builder_version=\u00bb4.25.0&#8243; _module_preset=\u00bbdefault\u00bb type=\u00bb4_4&#8243; theme_builder_area=\u00bbpost_content\u00bb][et_pb_text _builder_version=\u00bb4.25.0&#8243; _module_preset=\u00bbdefault\u00bb theme_builder_area=\u00bbpost_content\u00bb hover_enabled=\u00bb0&#8243; sticky_enabled=\u00bb0&#8243;]<\/p>\n<p><span style=\"color: #000000;\">DECLARACI\u00d3N DE ACCESIBILIDAD<\/span><br \/><span style=\"color: #000000;\">Tania Mar\u00edn Fern\u00e1ndez como beneficiario de KIT DIGITAL\u00a0 se ha comprometido a hacer accesible su sitio web de conformidad con el\u00a0Real Decreto 1112\/2018, de 7 de septiembre , sobre accesibilidad de los sitios web y aplicaciones para dispositivos m\u00f3viles del sector p\u00fablico (en adelante, Real Decreto 1112\/2018, de 7 de septiembre).<\/span><br \/><span style=\"color: #000000;\">La presente declaraci\u00f3n de accesibilidad se aplica al sitio web veterinarioadomicilioaljarafe.com<\/span><br \/><span style=\"color: #000000;\">Situaci\u00f3n de cumplimiento<\/span><br \/><span style=\"color: #000000;\">Este sitio web es\u00a0plenamente conforme\u00a0con el Real Decreto 1112\/2018, de 7 de septiembre<\/span><br \/><span style=\"color: #000000;\">Preparaci\u00f3n de la presente declaraci\u00f3n de accesibilidad<\/span><br \/><span style=\"color: #000000;\">La presente declaraci\u00f3n fue preparada el 24 de Abril de 2024.<\/span><br \/><span style=\"color: #000000;\">El m\u00e9todo empleado para preparar la declaraci\u00f3n ha sido una autoevaluaci\u00f3n llevada a cabo por la empresa de desarrollo web.<\/span><br \/><span style=\"color: #000000;\">Observaciones y datos de contacto<\/span><br \/><span style=\"color: #000000;\">Puede realizar comunicaciones sobre requisitos de accesibilidad (art\u00edculo 10.2.a) del Real Decreto 1112\/2018, de 7 de septiembre) como, por ejemplo:<\/span><br \/><span style=\"color: #000000;\">\u2981 Informar sobre cualquier posible incumplimiento por parte de este sitio web.<\/span><br \/><span style=\"color: #000000;\">\u2981 Transmitir otras dificultades de acceso al contenido.<\/span><br \/><span style=\"color: #000000;\">\u2981 Formular cualquier otra consulta o sugerencia de mejora relativa a la accesibilidad del sitio web.<\/span><br \/><span style=\"color: #000000;\">A trav\u00e9s de las siguientes v\u00edas:<\/span><br \/><span style=\"color: #000000;\">\u2981 Correo electr\u00f3nico: info@vacumovil.com<\/span><br \/><span style=\"color: #000000;\">Tambi\u00e9n puede solicitar en formato accesible informaci\u00f3n que no cumpla con los requisitos de accesibilidad bien por estar excluida, bien por estar exenta por carga desproporcionada; o formular una queja por incumplimiento de los requisitos de accesibilidad.<\/span><br \/><span style=\"color: #000000;\">\u00a0<\/span><br \/><span style=\"color: #000000;\">Contenido opcional<\/span><br \/><span style=\"color: #000000;\">La versi\u00f3n actualmente visible de este sitio web es de mayo de 2023<\/span><br \/><span style=\"color: #000000;\">El sitio web est\u00e1 optimizado para los navegadores Microsoft Internet Explorer 8.0\u00a0o versiones superiores y las \u00faltimas versiones vigentes de FireFox, Safari, Opera y Google Chrome. La\u00a0resoluci\u00f3n\u00a0web\u00a0m\u00ednima\u00a0recomendada es de\u00a01280\u00d71024.<\/span><br \/><span style=\"color: #000000;\">El sitio web est\u00e1 dise\u00f1ado para su visualizaci\u00f3n Responsive, con lo que se visualiza de forma \u00f3ptima en los dispositivos tablet y m\u00f3viles. En estos dispositivos est\u00e1 optimizado para su visualizaci\u00f3n en las \u00faltimas versiones vigentes de Chrome for mobile, Firefox for mobile, Safari mobile, Opera Mini y navegador nativo de Android.<\/span><\/p>\n<p>[\/et_pb_text][\/et_pb_column][\/et_pb_row][\/et_pb_section]<\/p>\n","protected":false},"excerpt":{"rendered":"<p>DECLARACI\u00d3N DE ACCESIBILIDADTania Mar\u00edn Fern\u00e1ndez como beneficiario de KIT DIGITAL\u00a0 se ha comprometido a hacer accesible su sitio web de conformidad con el\u00a0Real Decreto 1112\/2018, de 7 de septiembre , sobre accesibilidad de los sitios web y aplicaciones para dispositivos m\u00f3viles del sector p\u00fablico (en adelante, Real Decreto 1112\/2018, de 7 de septiembre).La presente declaraci\u00f3n [&hellip;]<\/p>\n","protected":false},"author":1,"featured_media":0,"parent":0,"menu_order":0,"comment_status":"closed","ping_status":"closed","template":"","meta":{"_et_pb_use_builder":"on","_et_pb_old_content":"","_et_gb_content_width":"","footnotes":""},"class_list":["post-35","page","type-page","status-publish","hentry"],"_links":{"self":[{"href":"https:\/\/veterinarioadomicilioaljarafe.com\/index.php\/wp-json\/wp\/v2\/pages\/35","targetHints":{"allow":["GET"]}}],"collection":[{"href":"https:\/\/veterinarioadomicilioaljarafe.com\/index.php\/wp-json\/wp\/v2\/pages"}],"about":[{"href":"https:\/\/veterinarioadomicilioaljarafe.com\/index.php\/wp-json\/wp\/v2\/types\/page"}],"author":[{"embeddable":true,"href":"https:\/\/veterinarioadomicilioaljarafe.com\/index.php\/wp-json\/wp\/v2\/users\/1"}],"replies":[{"embeddable":true,"href":"https:\/\/veterinarioadomicilioaljarafe.com\/index.php\/wp-json\/wp\/v2\/comments?post=35"}],"version-history":[{"count":2,"href":"https:\/\/veterinarioadomicilioaljarafe.com\/index.php\/wp-json\/wp\/v2\/pages\/35\/revisions"}],"predecessor-version":[{"id":38,"href":"https:\/\/veterinarioadomicilioaljarafe.com\/index.php\/wp-json\/wp\/v2\/pages\/35\/revisions\/38"}],"wp:attachment":[{"href":"https:\/\/veterinarioadomicilioaljarafe.com\/index.php\/wp-json\/wp\/v2\/media?parent=35"}],"curies":[{"name":"wp","href":"https:\/\/api.w.org\/{rel}","templated":true}]}}